{"id":4017,"date":"2019-05-16T16:01:55","date_gmt":"2019-05-16T16:01:55","guid":{"rendered":"http:\/\/www.gsretail.it\/privacy-form\/"},"modified":"2022-07-12T13:28:36","modified_gmt":"2022-07-12T13:28:36","slug":"privacy-form","status":"publish","type":"page","link":"https:\/\/www.gsretail.it\/it\/privacy-form\/","title":{"rendered":"Informativa Privacy"},"content":{"rendered":"<p><strong>Informativa sul trattamento dei dati personali ai sensi dell\u2019art. 13 del Regolamento (UE) 2016\/679 (RGPD)<\/strong><\/p>\n<p>Grandi Stazioni Retail S.p.A., in qualit\u00e0 di Titolare (con sede in Via Giovanni Giolitti n. 34 &#8211; 00185 Roma; PEC: gsretailspa@legalmail.it; Tel: +39 06.94532401), tratter\u00e0 i dati personali conferiti dagli utenti, con modalit\u00e0 prevalentemente informatiche e telematiche, per le finalit\u00e0 previste dal Regolamento (UE) 2016\/679 (RGPD) ed in particolare per fornire le informazioni richieste mediante la compilazione del presente form. Ove richiesto dagli interessati, i dati potranno essere trattati da Grandi Stazioni Retail S.p.A. anche per l\u2019invio di comunicazioni inerenti eventi o iniziative di particolare interesse per l\u2019utente.<br \/>\nIl conferimento dei dati mediante la compilazione dei campi presenti nel form \u00e8 obbligatorio e il loro mancato inserimento non consentir\u00e0 a Grandi Stazioni Retail S.p.A. di dare seguito alle richieste e di fornire le informazioni richieste.<\/p>\n<p>I dati raccolti verranno conservati per un periodo di tempo non superiore a quello necessario per il soddisfacimento delle finalit\u00e0 sopra indicate, dopodich\u00e9 saranno cancellati.<br \/>\nI dati saranno trattati esclusivamente dai dipendenti di Grandi Stazioni Retail S.p.A. a tal fine autorizzati e istruiti o dalle imprese che con la stessa collaborano, espressamente nominate responsabili del trattamento. Al di fuori di queste ipotesi i dati non saranno comunicati a terzi n\u00e9 diffusi, n\u00e9 trasferiti in Paesi terzi.<\/p>\n<p>Gli interessati hanno il diritto di chiedere al titolare del trattamento l&#8217;accesso ai dati personali e la rettifica o la cancellazione degli stessi o la limitazione del trattamento che li riguarda o di opporsi al trattamento oltre al diritto alla portabilit\u00e0 dei dati nei casi previsti per legge (artt. 15 e ss. del RGPD). L&#8217;apposita istanza \u00e8 presentata contattando il Responsabile della Protezione dei Dati presso la sede legale di Grandi Stazioni Retail S.p.A. sita in Via Giovanni Giolitti n. 34 &#8211; 00185 Roma o all\u2019indirizzo PEC <a href=\"mailto:dpogsretail@legalmail.it\">dpogsretail@legalmail.it<\/a>.<\/p>\n<p>Gli interessati, ricorrendone i presupposti, hanno, altres\u00ec, il diritto di proporre reclamo al Garante quale autorit\u00e0 di controllo secondo le procedure previste.<\/p>\n","protected":false},"excerpt":{"rendered":"<p>Informativa sul trattamento dei dati personali ai sensi dell\u2019art. 13 del Regolamento (UE) 2016\/679 (RGPD) Grandi Stazioni Retail S.p.A., in qualit\u00e0 di Titolare (con sede in Via Giovanni Giolitti n. 34 &#8211; 00185 Roma; PEC: gsretailspa@legalmail.it; Tel: +39 06.94532401), tratter\u00e0 i dati personali conferiti dagli utenti, con modalit\u00e0 prevalentemente informatiche e telematiche, per le finalit\u00e0 [&hellip;]<\/p>\n","protected":false},"author":3,"featured_media":0,"parent":0,"menu_order":0,"comment_status":"closed","ping_status":"closed","template":"","meta":{"_acf_changed":false,"footnotes":""},"class_list":["post-4017","page","type-page","status-publish","hentry"],"acf":[],"yoast_head":"<!-- This site is optimized with the Yoast SEO plugin v26.8 - https:\/\/yoast.com\/product\/yoast-seo-wordpress\/ -->\n<title>Informativa Privacy - GSR<\/title>\n<meta name=\"robots\" content=\"index, follow, max-snippet:-1, max-image-preview:large, max-video-preview:-1\" \/>\n<link rel=\"canonical\" href=\"https:\/\/www.gsretail.it\/it\/privacy-form\/\" \/>\n<meta property=\"og:locale\" content=\"it_IT\" \/>\n<meta property=\"og:type\" content=\"article\" \/>\n<meta property=\"og:title\" content=\"Informativa Privacy - GSR\" \/>\n<meta property=\"og:description\" content=\"Informativa sul trattamento dei dati personali ai sensi dell\u2019art. 13 del Regolamento (UE) 2016\/679 (RGPD) Grandi Stazioni Retail S.p.A., in qualit\u00e0 di Titolare (con sede in Via Giovanni Giolitti n. 34 &#8211; 00185 Roma; PEC: gsretailspa@legalmail.it; Tel: +39 06.94532401), tratter\u00e0 i dati personali conferiti dagli utenti, con modalit\u00e0 prevalentemente informatiche e telematiche, per le finalit\u00e0 [&hellip;]\" \/>\n<meta property=\"og:url\" content=\"https:\/\/www.gsretail.it\/it\/privacy-form\/\" \/>\n<meta property=\"og:site_name\" content=\"GSR\" \/>\n<meta property=\"article:modified_time\" content=\"2022-07-12T13:28:36+00:00\" \/>\n<meta name=\"twitter:card\" content=\"summary_large_image\" \/>\n<meta name=\"twitter:label1\" content=\"Tempo di lettura stimato\" \/>\n\t<meta name=\"twitter:data1\" content=\"5 minuti\" \/>\n<script type=\"application\/ld+json\" class=\"yoast-schema-graph\">{\"@context\":\"https:\/\/schema.org\",\"@graph\":[{\"@type\":\"WebPage\",\"@id\":\"https:\/\/www.gsretail.it\/it\/privacy-form\/\",\"url\":\"https:\/\/www.gsretail.it\/it\/privacy-form\/\",\"name\":\"Informativa Privacy - GSR\",\"isPartOf\":{\"@id\":\"https:\/\/www.gsretail.it\/it\/#website\"},\"datePublished\":\"2019-05-16T16:01:55+00:00\",\"dateModified\":\"2022-07-12T13:28:36+00:00\",\"breadcrumb\":{\"@id\":\"https:\/\/www.gsretail.it\/it\/privacy-form\/#breadcrumb\"},\"inLanguage\":\"it-IT\",\"potentialAction\":[{\"@type\":\"ReadAction\",\"target\":[\"https:\/\/www.gsretail.it\/it\/privacy-form\/\"]}]},{\"@type\":\"BreadcrumbList\",\"@id\":\"https:\/\/www.gsretail.it\/it\/privacy-form\/#breadcrumb\",\"itemListElement\":[{\"@type\":\"ListItem\",\"position\":1,\"name\":\"Home\",\"item\":\"https:\/\/www.gsretail.it\/it\/\"},{\"@type\":\"ListItem\",\"position\":2,\"name\":\"Informativa Privacy\"}]},{\"@type\":\"WebSite\",\"@id\":\"https:\/\/www.gsretail.it\/it\/#website\",\"url\":\"https:\/\/www.gsretail.it\/it\/\",\"name\":\"GSR\",\"description\":\"\",\"publisher\":{\"@id\":\"https:\/\/www.gsretail.it\/it\/#organization\"},\"potentialAction\":[{\"@type\":\"SearchAction\",\"target\":{\"@type\":\"EntryPoint\",\"urlTemplate\":\"https:\/\/www.gsretail.it\/it\/?s={search_term_string}\"},\"query-input\":{\"@type\":\"PropertyValueSpecification\",\"valueRequired\":true,\"valueName\":\"search_term_string\"}}],\"inLanguage\":\"it-IT\"},{\"@type\":\"Organization\",\"@id\":\"https:\/\/www.gsretail.it\/it\/#organization\",\"name\":\"Grandi Stazioni Retail Spa\",\"url\":\"https:\/\/www.gsretail.it\/it\/\",\"logo\":{\"@type\":\"ImageObject\",\"inLanguage\":\"it-IT\",\"@id\":\"https:\/\/www.gsretail.it\/it\/#\/schema\/logo\/image\/\",\"url\":\"https:\/\/www.gsretail.it\/wp-content\/uploads\/2019\/06\/logo.png\",\"contentUrl\":\"https:\/\/www.gsretail.it\/wp-content\/uploads\/2019\/06\/logo.png\",\"width\":156,\"height\":60,\"caption\":\"Grandi Stazioni Retail Spa\"},\"image\":{\"@id\":\"https:\/\/www.gsretail.it\/it\/#\/schema\/logo\/image\/\"}}]}<\/script>\n<!-- \/ Yoast SEO plugin. -->","yoast_head_json":{"title":"Informativa Privacy - GSR","robots":{"index":"index","follow":"follow","max-snippet":"max-snippet:-1","max-image-preview":"max-image-preview:large","max-video-preview":"max-video-preview:-1"},"canonical":"https:\/\/www.gsretail.it\/it\/privacy-form\/","og_locale":"it_IT","og_type":"article","og_title":"Informativa Privacy - GSR","og_description":"Informativa sul trattamento dei dati personali ai sensi dell\u2019art. 13 del Regolamento (UE) 2016\/679 (RGPD) Grandi Stazioni Retail S.p.A., in qualit\u00e0 di Titolare (con sede in Via Giovanni Giolitti n. 34 &#8211; 00185 Roma; PEC: gsretailspa@legalmail.it; Tel: +39 06.94532401), tratter\u00e0 i dati personali conferiti dagli utenti, con modalit\u00e0 prevalentemente informatiche e telematiche, per le finalit\u00e0 [&hellip;]","og_url":"https:\/\/www.gsretail.it\/it\/privacy-form\/","og_site_name":"GSR","article_modified_time":"2022-07-12T13:28:36+00:00","twitter_card":"summary_large_image","twitter_misc":{"Tempo di lettura stimato":"5 minuti"},"schema":{"@context":"https:\/\/schema.org","@graph":[{"@type":"WebPage","@id":"https:\/\/www.gsretail.it\/it\/privacy-form\/","url":"https:\/\/www.gsretail.it\/it\/privacy-form\/","name":"Informativa Privacy - GSR","isPartOf":{"@id":"https:\/\/www.gsretail.it\/it\/#website"},"datePublished":"2019-05-16T16:01:55+00:00","dateModified":"2022-07-12T13:28:36+00:00","breadcrumb":{"@id":"https:\/\/www.gsretail.it\/it\/privacy-form\/#breadcrumb"},"inLanguage":"it-IT","potentialAction":[{"@type":"ReadAction","target":["https:\/\/www.gsretail.it\/it\/privacy-form\/"]}]},{"@type":"BreadcrumbList","@id":"https:\/\/www.gsretail.it\/it\/privacy-form\/#breadcrumb","itemListElement":[{"@type":"ListItem","position":1,"name":"Home","item":"https:\/\/www.gsretail.it\/it\/"},{"@type":"ListItem","position":2,"name":"Informativa Privacy"}]},{"@type":"WebSite","@id":"https:\/\/www.gsretail.it\/it\/#website","url":"https:\/\/www.gsretail.it\/it\/","name":"GSR","description":"","publisher":{"@id":"https:\/\/www.gsretail.it\/it\/#organization"},"potentialAction":[{"@type":"SearchAction","target":{"@type":"EntryPoint","urlTemplate":"https:\/\/www.gsretail.it\/it\/?s={search_term_string}"},"query-input":{"@type":"PropertyValueSpecification","valueRequired":true,"valueName":"search_term_string"}}],"inLanguage":"it-IT"},{"@type":"Organization","@id":"https:\/\/www.gsretail.it\/it\/#organization","name":"Grandi Stazioni Retail Spa","url":"https:\/\/www.gsretail.it\/it\/","logo":{"@type":"ImageObject","inLanguage":"it-IT","@id":"https:\/\/www.gsretail.it\/it\/#\/schema\/logo\/image\/","url":"https:\/\/www.gsretail.it\/wp-content\/uploads\/2019\/06\/logo.png","contentUrl":"https:\/\/www.gsretail.it\/wp-content\/uploads\/2019\/06\/logo.png","width":156,"height":60,"caption":"Grandi Stazioni Retail Spa"},"image":{"@id":"https:\/\/www.gsretail.it\/it\/#\/schema\/logo\/image\/"}}]}},"_links":{"self":[{"href":"https:\/\/www.gsretail.it\/it\/wp-json\/wp\/v2\/pages\/4017","targetHints":{"allow":["GET"]}}],"collection":[{"href":"https:\/\/www.gsretail.it\/it\/wp-json\/wp\/v2\/pages"}],"about":[{"href":"https:\/\/www.gsretail.it\/it\/wp-json\/wp\/v2\/types\/page"}],"author":[{"embeddable":true,"href":"https:\/\/www.gsretail.it\/it\/wp-json\/wp\/v2\/users\/3"}],"replies":[{"embeddable":true,"href":"https:\/\/www.gsretail.it\/it\/wp-json\/wp\/v2\/comments?post=4017"}],"version-history":[{"count":8,"href":"https:\/\/www.gsretail.it\/it\/wp-json\/wp\/v2\/pages\/4017\/revisions"}],"predecessor-version":[{"id":10097,"href":"https:\/\/www.gsretail.it\/it\/wp-json\/wp\/v2\/pages\/4017\/revisions\/10097"}],"wp:attachment":[{"href":"https:\/\/www.gsretail.it\/it\/wp-json\/wp\/v2\/media?parent=4017"}],"curies":[{"name":"wp","href":"https:\/\/api.w.org\/{rel}","templated":true}]}}